{"id":3,"date":"2024-06-29T22:35:45","date_gmt":"2024-06-29T22:35:45","guid":{"rendered":"https:\/\/cygncoaching.com\/?page_id=3"},"modified":"2025-01-24T13:30:51","modified_gmt":"2025-01-24T13:30:51","slug":"mentions-legales","status":"publish","type":"page","link":"https:\/\/cygncoaching.com\/fr\/mentions-legales\/","title":{"rendered":"Mentions l\u00e9gales"},"content":{"rendered":"<h2 class=\"wp-block-heading\">Informations l\u00e9gales<\/h2>\n\n\n\n<p>www.cygncoaching.com \u00a0est \u00e9dit\u00e9 par la soci\u00e9t\u00e9 CYGN<br>R.C.S. Paris n\u00b0 987 676 814 \u2013 SIRET n\u00b0 987 676 814 00013<br>Code APE : NAF 7022Z<br>N\u00b0 TVA intracom : FR 69987676814<br>Si\u00e8ge social : 101 rue de S\u00e8vres &#8211; 75279 Paris Cedex 06 &#8211; France\u00a0\u00a0\u00a0<\/p>\n\n\n\n<h2 class=\"wp-block-heading\">Directrice de la publication<\/h2>\n\n\n\n<p>Marilyn SAMAHA KHAIR<br><a href=\"mailto:contact@cygncoaching.com\">contact@cygncoaching.com<\/a><\/p>\n\n\n\n<h2 class=\"wp-block-heading\">H\u00e9bergement du site<\/h2>\n\n\n\n<p>OVH,<br>2 rue Kellermann,<br>59100 Roubaix,<br>France<br><a href=\"https:\/\/www.ovh.com\/fr\/\" target=\"_blank\" rel=\"noreferrer noopener\">www.ovh.com<\/a><\/p>\n\n\n\n<h2 class=\"wp-block-heading\"><strong>R\u00e9daction des contenus<\/strong>, conception et r\u00e9alisation du site<\/h2>\n\n\n\n<p>Making You Smile<br>83 rue Saint Dominique 75007 Paris<br><a href=\"https:\/\/www.makingyousmile.fr\" target=\"_blank\" rel=\"noreferrer noopener\">www.makingyousmile.fr<\/a><\/p>\n\n\n\n<h2 class=\"wp-block-heading\">Cr\u00e9dits photos<\/h2>\n\n\n\n<p>Kira Vygrivach en collaboration avec Making You Smile<br><a href=\"https:\/\/www.kiravygrivach.com\/\" target=\"_blank\" rel=\"noreferrer noopener\">www.kiravygrivach.com<\/a><\/p>\n\n\n\n<p><\/p>\n\n\n\n<h2 class=\"wp-block-heading\">Conditions g\u00e9n\u00e9rales d&#8217;utilisation<\/h2>\n\n\n\n<p>L\u2019utilisation de ce service est r\u00e9serv\u00e9e \u00e0 un usage strictement personnel. Toute reproduction ou repr\u00e9sentation, en tout ou partie, \u00e0 d\u2019autres fins sur un quelconque support est interdite sans l\u2019autorisation expresse et pr\u00e9alable de CYGN et constituerait une contrefa\u00e7on au sens des articles L 335-2 et suivants du code de la propri\u00e9t\u00e9 intellectuelle.<\/p>\n\n\n\n<p>Le non-respect de cette interdiction constitue une contrefa\u00e7on pouvant engager la responsabilit\u00e9 civile et p\u00e9nale du contrefacteur.<\/p>\n\n\n\n<p>Les informations contenues dans ce service sont non contractuelles et sujettes \u00e0 modification sans pr\u00e9avis.<\/p>\n\n\n\n<p>Les caract\u00e9ristiques et la disponibilit\u00e9 des produits et services mentionn\u00e9s dans ce service web sont valables pour la France m\u00e9tropolitaine.<br>Les liens hypertextes mis en \u0153uvre au sein du site cygncoaching.com en direction d\u2019autres sites et\/ou de pages personnelles et d\u2019une mani\u00e8re g\u00e9n\u00e9rale vers toutes ressources existantes sur internet ne sauraient engager la responsabilit\u00e9 de CYGN.<\/p>\n\n\n\n<p><\/p>\n\n\n\n<h2 class=\"wp-block-heading\">L\u00e9gislation fran\u00e7aise<\/h2>\n\n\n\n<p>Droit d\u2019acc\u00e8s au fichier informatis\u00e9 :<br>Tout utilisateur ayant d\u00e9pos\u00e9 dans le service des informations directement ou indirectement nominatives peut demander la communication des informations nominatives le concernant \u00e0 l\u2019administrateur du service et les faire rectifier le cas \u00e9ch\u00e9ant, conform\u00e9ment \u00e0 la loi fran\u00e7aise No 78-17 du 6 janvier 1978 relative \u00e0 l\u2019informatique, aux fichiers et aux libert\u00e9s.<br>Toute repr\u00e9sentation et\/ou reproduction et\/ou exploitation partielle ou totale est prohib\u00e9e.<\/p>\n\n\n\n<h2 class=\"wp-block-heading\">Utilisation des cookies<\/h2>\n\n\n\n<p>Nous utilisons les cookies afin de fournir les services et fonctionnalit\u00e9s propos\u00e9s sur notre site et afin d\u2019am\u00e9liorer l\u2019exp\u00e9rience de nos utilisateurs.<br><br>Les cookies sont des petits fichiers ou autres donn\u00e9es qui sont t\u00e9l\u00e9charg\u00e9s ou stock\u00e9s sur votre ordinateur ou sur tout autre appareil et qui nous informent de la mani\u00e8re dont vous utilisez notre site (y compris certains services et fonctionnalit\u00e9s tiers propos\u00e9s sur notre site).<br><br>En navigant sur le site, vous acceptez l\u2019utilisation des cookies. Vous pourrez toujours les d\u00e9sactiver ult\u00e9rieurement.<\/p>\n\n\n\n<p>Veuillez noter que si vous supprimez ou d\u00e9sactivez nos cookies, vous pourriez rencontrer des interruptions de service ou des probl\u00e8mes d\u2019acc\u00e8s \u00e0 certaines parties du site.<\/p>","protected":false},"excerpt":{"rendered":"<p>Informations l\u00e9gales www.cygncoaching.com \u00a0est \u00e9dit\u00e9 par la soci\u00e9t\u00e9 CYGNR.C.S. Paris n\u00b0 987 676 814 \u2013 SIRET n\u00b0 987 676 814 00013Code APE : NAF 7022ZN\u00b0 TVA intracom : FR 69987676814Si\u00e8ge social : 101 rue de S\u00e8vres &#8211; 75279 Paris Cedex 06 &#8211; France\u00a0\u00a0\u00a0 Directrice de la publication Marilyn SAMAHA KHAIRcontact@cygncoaching.com H\u00e9bergement du site OVH,2 rue [&hellip;]<\/p>","protected":false},"author":1,"featured_media":0,"parent":0,"menu_order":0,"comment_status":"closed","ping_status":"open","template":"page.php","meta":{"_acf_changed":false,"_monsterinsights_skip_tracking":false,"_monsterinsights_sitenote_active":false,"_monsterinsights_sitenote_note":"","_monsterinsights_sitenote_category":0,"footnotes":""},"class_list":["post-3","page","type-page","status-publish","hentry"],"acf":[],"_links":{"self":[{"href":"https:\/\/cygncoaching.com\/fr\/wp-json\/wp\/v2\/pages\/3","targetHints":{"allow":["GET"]}}],"collection":[{"href":"https:\/\/cygncoaching.com\/fr\/wp-json\/wp\/v2\/pages"}],"about":[{"href":"https:\/\/cygncoaching.com\/fr\/wp-json\/wp\/v2\/types\/page"}],"author":[{"embeddable":true,"href":"https:\/\/cygncoaching.com\/fr\/wp-json\/wp\/v2\/users\/1"}],"replies":[{"embeddable":true,"href":"https:\/\/cygncoaching.com\/fr\/wp-json\/wp\/v2\/comments?post=3"}],"version-history":[{"count":7,"href":"https:\/\/cygncoaching.com\/fr\/wp-json\/wp\/v2\/pages\/3\/revisions"}],"predecessor-version":[{"id":340,"href":"https:\/\/cygncoaching.com\/fr\/wp-json\/wp\/v2\/pages\/3\/revisions\/340"}],"wp:attachment":[{"href":"https:\/\/cygncoaching.com\/fr\/wp-json\/wp\/v2\/media?parent=3"}],"curies":[{"name":"wp","href":"https:\/\/api.w.org\/{rel}","templated":true}]}}